{"id":71,"date":"2019-12-01T14:30:00","date_gmt":"2019-12-01T14:30:00","guid":{"rendered":"https:\/\/welt-verein.ch\/?page_id=71"},"modified":"2026-04-17T13:38:32","modified_gmt":"2026-04-17T13:38:32","slug":"ausgewaehlte-projekte","status":"publish","type":"page","link":"https:\/\/welt-verein.ch\/?page_id=71","title":{"rendered":"Ausgew\u00e4hlte Projekte"},"content":{"rendered":"<p>Zweimal J\u00e4hrlich erscheint unser Maniok Infoblatt. Lies sie und erfahre mehr \u00fcber unsere Projekte.<\/p>\n<iframe loading=\"lazy\" src=\"https:\/\/docs.google.com\/viewer?url=https%3A%2F%2Fwelt-verein.ch%2Fwp-content%2Fuploads%2F2026%2F04%2FManiok-77.pdf&embedded=true&hl=en\" width=\"100%\" height=\"948\" style=\"border: none; max-width:790px;\"><\/iframe>\n<iframe loading=\"lazy\" src=\"https:\/\/docs.google.com\/viewer?url=https%3A%2F%2Fwelt-verein.ch%2Fwp-content%2Fuploads%2F2026%2F01%2FManiok-76.pdf&embedded=true&hl=en\" width=\"100%\" height=\"948\" style=\"border: none; max-width:790px;\"><\/iframe>\n<iframe loading=\"lazy\" src=\"https:\/\/docs.google.com\/viewer?url=https%3A%2F%2Fwelt-verein.ch%2Fwp-content%2Fuploads%2F2025%2F03%2FManiok-75.pdf&embedded=true&hl=en\" width=\"100%\" height=\"948\" style=\"border: none; max-width:790px;\"><\/iframe>\n<iframe loading=\"lazy\" src=\"https:\/\/docs.google.com\/viewer?url=https%3A%2F%2Fwelt-verein.ch%2Fwp-content%2Fuploads%2F2025%2F03%2FManiok-74.pdf&embedded=true&hl=en\" width=\"100%\" height=\"948\" style=\"border: none; max-width:790px;\"><\/iframe>\n<iframe loading=\"lazy\" src=\"https:\/\/docs.google.com\/viewer?url=https%3A%2F%2Fwelt-verein.ch%2Fwp-content%2Fuploads%2F2024%2F12%2FManiok-73.pdf&embedded=true&hl=en\" width=\"100%\" height=\"948\" style=\"border: none; max-width:790px;\"><\/iframe>\n","protected":false},"excerpt":{"rendered":"<p>Zweimal J\u00e4hrlich erscheint unser Maniok Infoblatt. Lies sie und erfahre mehr \u00fcber unsere Projekte.<\/p>\n","protected":false},"author":1,"featured_media":0,"parent":0,"menu_order":0,"comment_status":"closed","ping_status":"closed","template":"","meta":{"footnotes":""},"class_list":["post-71","page","type-page","status-publish","hentry"],"_links":{"self":[{"href":"https:\/\/welt-verein.ch\/index.php?rest_route=\/wp\/v2\/pages\/71","targetHints":{"allow":["GET"]}}],"collection":[{"href":"https:\/\/welt-verein.ch\/index.php?rest_route=\/wp\/v2\/pages"}],"about":[{"href":"https:\/\/welt-verein.ch\/index.php?rest_route=\/wp\/v2\/types\/page"}],"author":[{"embeddable":true,"href":"https:\/\/welt-verein.ch\/index.php?rest_route=\/wp\/v2\/users\/1"}],"replies":[{"embeddable":true,"href":"https:\/\/welt-verein.ch\/index.php?rest_route=%2Fwp%2Fv2%2Fcomments&post=71"}],"version-history":[{"count":23,"href":"https:\/\/welt-verein.ch\/index.php?rest_route=\/wp\/v2\/pages\/71\/revisions"}],"predecessor-version":[{"id":232,"href":"https:\/\/welt-verein.ch\/index.php?rest_route=\/wp\/v2\/pages\/71\/revisions\/232"}],"wp:attachment":[{"href":"https:\/\/welt-verein.ch\/index.php?rest_route=%2Fwp%2Fv2%2Fmedia&parent=71"}],"curies":[{"name":"wp","href":"https:\/\/api.w.org\/{rel}","templated":true}]}}