{"id":25,"date":"2019-10-15T19:43:37","date_gmt":"2019-10-15T19:43:37","guid":{"rendered":"https:\/\/welt-verein.ch\/?page_id=25"},"modified":"2025-03-30T17:08:02","modified_gmt":"2025-03-30T17:08:02","slug":"was-machen-wir","status":"publish","type":"page","link":"https:\/\/welt-verein.ch\/?page_id=25","title":{"rendered":"Was machen wir?"},"content":{"rendered":"<h3>Risottoessen<a id=\"risottoessen\"><\/a><\/h3>\n<p>In Deitingen im Eingangsbereich zur Zweienhalle, beim Schulhaus findet jedes Jahr ein Essen statt. Dieses Event nutzen wir, um selbstgemachtes Risotto, Getr\u00e4nke und auch leckeren Kuchen zu verkaufen. Dabei sammeln wir Geld welches wir in wohlt\u00e4tige <a href=\"#projekte\">Projekte<\/a> investieren k\u00f6nnen. Das Risotto stammt aus unserem <a href=\"https:\/\/welt-verein.ch\/?page_id=51#laden\">Maniok Welt Laden<\/a> und ist somit fair gehandelt.<\/p>\n<p>Das Risottoessen findet jeweils Zeitgleich zum <strong>Bring- und Holtag<\/strong> statt. An diesem Morgen k\u00f6nnen ab 10.00 Uhr diverse nicht mehr verwendete Utensilien (B\u00fccher, M\u00f6bel, Geschirr, etc.) gebracht und abgeholt werden.<\/p>\n<p>Wo?<\/p>\n<p><strong>Schulhaus Deitingen, vor der Zweienhalle<\/strong><\/p>\n<p>Wann?<\/p>\n<p><strong>17. Mai 2025<br \/>\n<\/strong><\/p>\n<h3><a id=\"suppentag\"><\/a>Suppentag<\/h3>\n<p>Unter der Leitung von Marianne Schreier und in Zusammenarbeit mit dem katholischen- und reformierten Pfarreirat und weiteren Freiwilligen aus der Gemeinde, bieten wir jeweils in der Fastenzeit einen \u00f6kumenischen Suppentag an. Dort gibt es jeweils leckere Suppe und diverse Kuchen und Torten zu essen. Das eingenommene Geld wird auf die Parteien aufgeteilt und die Einnahmen des Welt Vereins werden in wohlt\u00e4tige Projekte investiert.<\/p>\n<p>Wo?<\/p>\n<p><strong>Baschi Deitingen<\/strong><\/p>\n<p>Wann?<\/p>\n<p><strong>15. M\u00e4rz 2025<br \/>\n<\/strong><\/p>\n<h3>Maniok Weltladen Bahnhof Deitingen<\/h3>\n<p>Regelm\u00e4ssig verkaufen ehrenamtliche Mitglieder direkt im Banhofsgeb\u00e4ude in Deitingen fair gehandelte Produkte. Klicke auf den Link und sieh dir unser <em><a href=\"https:\/\/welt-verein.ch\/?page_id=51\">L\u00e4deli<\/a><\/em>\u00a0genauer an.<\/p>\n<p style=\"text-align: center;\"><strong>\u00d6ffnungszeiten:<\/strong><\/p>\n<table>\n<tbody>\n<tr>\n<td width=\"302\"><strong>Montag<\/strong><\/td>\n<td width=\"302\"><strong>13.30 &#8211; 15.00 Uhr<\/strong><\/td>\n<\/tr>\n<tr>\n<td width=\"302\"><strong>Mittwoch<\/strong><\/td>\n<td width=\"302\"><strong>17.00 \u2013 18.30 Uhr<\/strong><\/td>\n<\/tr>\n<tr>\n<td width=\"302\"><strong>Donnerstag<\/strong><\/td>\n<td width=\"302\"><strong>09.30 &#8211; 11.00 Uhr<\/strong><\/td>\n<\/tr>\n<tr>\n<td width=\"302\"><strong>Jeden ersten Samstag im Monat<\/strong><\/td>\n<td width=\"302\"><strong>09.30 &#8211; 11.00 Uhr<\/strong><\/td>\n<\/tr>\n<\/tbody>\n<\/table>\n<p>In den Ferien ist das L\u00e4deli jeweils geschlossen.<\/p>\n<h3>Projekte<a id=\"projekte\"><\/a><\/h3>\n<p>An oberster Stelle steht bei uns die Hilfe zur Selbsthilfe. Die unterst\u00fctzten Menschen sollten nicht in einer Abh\u00e4ngigkeit stehen, sondern aufgrund neuen Wissens (beispielsweise in der <strong>Lehrlingswerkstatt<\/strong>) oder neuer Mittel (beispielsweise durch Microkredite von <strong>Oikocredit<\/strong>) aus eigener Kraft der Armutsfalle entgehen k\u00f6nnen.<\/p>\n<p>Im Jahr 2024 hat unser Welt Verein folgende Projekte unterst\u00fctzt:<\/p>\n<table width=\"655\">\n<tbody>\n<tr>\n<td width=\"248\"><strong>Wer?<\/strong><\/td>\n<td width=\"407\"><strong>Was?<\/strong><\/td>\n<\/tr>\n<tr>\n<td>Verein PalCH Palestine`s Children<\/td>\n<td>Patenkind Ghazel. Pal\u00e4stina<\/td>\n<\/tr>\n<tr>\n<td>Verein PalCH Palestine`s Children<\/td>\n<td>Mitgliederbeitrag<\/td>\n<\/tr>\n<tr>\n<td>Verein PalCH Palestine`s Children<\/td>\n<td>Nothilfe Pal\u00e4stina<\/td>\n<\/tr>\n<tr>\n<td>Swissaid<\/td>\n<td>Trockenwald Kolumbien &#8211; Risotto Projekt 2023<\/td>\n<\/tr>\n<tr>\n<td>Verein Oliven\u00f6l Pal\u00e4stina<\/td>\n<td>Nothilfe Pal\u00e4stina<\/td>\n<\/tr>\n<tr>\n<td>\u00a0Oikocredit<\/td>\n<td>Mitgliederbeitrag<\/td>\n<\/tr>\n<tr>\n<td>Nouvelle Plan\u00e8te<\/td>\n<td>Gem\u00fcseanbau und Vermarktung, Burkina Faso<\/td>\n<\/tr>\n<tr>\n<td>Swissaid<\/td>\n<td>Leben ohne Hunger &#8211; Agrar\u00f6kologie, Niger<\/td>\n<\/tr>\n<tr>\n<td>Ropka International<\/td>\n<td>Nothilfe nach \u00dcberschwemmungen, Nepal<\/td>\n<\/tr>\n<tr>\n<td>Nouvelle Plan\u00e8te<\/td>\n<td>Energiesparherde 700 \/ Maniok Verarbeitung 700 \/ Schaf 600<\/td>\n<\/tr>\n<tr>\n<td>Swissaid<\/td>\n<td>Zukunft ohne Hunger, Indien &#8211; Spenden Dorfplatzm\u00e4rit<\/td>\n<\/tr>\n<\/tbody>\n<\/table>\n<p><span style=\"color: #444444; font-family: Montserrat, Helvetica, Arial, sans-serif; font-size: 1.375rem;\">\u00a0<\/span>Ferner besitzen wir Anteile bei Oikocredit und Sun-Connect.<\/p>\n<h3>Statuten<\/h3>\n<iframe loading=\"lazy\" src=\"https:\/\/docs.google.com\/viewer?url=https%3A%2F%2Fwelt-verein.ch%2Fwp-content%2Fuploads%2F2020%2F03%2FEPSON007-gedreht.pdf&embedded=true&hl=en\" width=\"100%\" height=\"948\" style=\"border: none; max-width:790px;\"><\/iframe>\n","protected":false},"excerpt":{"rendered":"<p>Risottoessen In Deitingen im Eingangsbereich zur Zweienhalle, beim Schulhaus findet jedes Jahr ein Essen statt. Dieses Event nutzen wir, um selbstgemachtes Risotto, Getr\u00e4nke und auch leckeren Kuchen zu verkaufen. Dabei sammeln wir Geld welches wir in wohlt\u00e4tige Projekte investieren k\u00f6nnen. Das Risotto stammt aus unserem Maniok Welt Laden und ist&#8230;<\/p>\n","protected":false},"author":1,"featured_media":0,"parent":0,"menu_order":0,"comment_status":"closed","ping_status":"closed","template":"","meta":{"footnotes":""},"class_list":["post-25","page","type-page","status-publish","hentry"],"_links":{"self":[{"href":"https:\/\/welt-verein.ch\/index.php?rest_route=\/wp\/v2\/pages\/25","targetHints":{"allow":["GET"]}}],"collection":[{"href":"https:\/\/welt-verein.ch\/index.php?rest_route=\/wp\/v2\/pages"}],"about":[{"href":"https:\/\/welt-verein.ch\/index.php?rest_route=\/wp\/v2\/types\/page"}],"author":[{"embeddable":true,"href":"https:\/\/welt-verein.ch\/index.php?rest_route=\/wp\/v2\/users\/1"}],"replies":[{"embeddable":true,"href":"https:\/\/welt-verein.ch\/index.php?rest_route=%2Fwp%2Fv2%2Fcomments&post=25"}],"version-history":[{"count":43,"href":"https:\/\/welt-verein.ch\/index.php?rest_route=\/wp\/v2\/pages\/25\/revisions"}],"predecessor-version":[{"id":203,"href":"https:\/\/welt-verein.ch\/index.php?rest_route=\/wp\/v2\/pages\/25\/revisions\/203"}],"wp:attachment":[{"href":"https:\/\/welt-verein.ch\/index.php?rest_route=%2Fwp%2Fv2%2Fmedia&parent=25"}],"curies":[{"name":"wp","href":"https:\/\/api.w.org\/{rel}","templated":true}]}}