{"id":109,"date":"2019-12-01T16:19:06","date_gmt":"2019-12-01T16:19:06","guid":{"rendered":"https:\/\/welt-verein.ch\/?page_id=109"},"modified":"2019-12-01T16:19:06","modified_gmt":"2019-12-01T16:19:06","slug":"wieso-welt-verein","status":"publish","type":"page","link":"https:\/\/welt-verein.ch\/?page_id=109","title":{"rendered":"Wieso Welt Verein?"},"content":{"rendered":"<p>Wir alle wissen, dass es uns sehr gut geht. Dies ist keine Selbstverst\u00e4ndlichkeit. In vielen L\u00e4ndern auf dieser Welt haben Menschen keinen Zugang zu sauberem Trinkwasser, gen\u00fcgend Nahrung oder Bildung, sie leiden an den Folgen von Naturkatastrophen, Krieg oder Unterdr\u00fcckung. Um dies zu \u00e4ndern m\u00fcssen wir nicht reich oder einflussreich sein. Sich zu engagieren kann bereits vieles bewirken.<\/p>\n<p>Ich bin in den Welt Verein eingetreten, als ich noch in Deitingen die Primarschule besuchte. Mein Taschengeld reichte nicht weit, aber mit dem Willen, mich zu engagieren, half ich an Anl\u00e4ssen mit, backte Kuchen oder stand im L\u00e4deli bereit.<\/p>\n<p>Werde auch du aktiv und engagiere dich als <a href=\"https:\/\/welt-verein.ch\/?page_id=103\">Mitglied<\/a> f\u00fcr eine bessere Welt. Gemeinsam k\u00f6nnen wir vieles erreichen.<\/p>\n","protected":false},"excerpt":{"rendered":"<p>Wir alle wissen, dass es uns sehr gut geht. Dies ist keine Selbstverst\u00e4ndlichkeit. In vielen L\u00e4ndern auf dieser Welt haben Menschen keinen Zugang zu sauberem Trinkwasser, gen\u00fcgend Nahrung oder Bildung, sie leiden an den Folgen von Naturkatastrophen, Krieg oder Unterdr\u00fcckung. Um dies zu \u00e4ndern m\u00fcssen wir nicht reich oder einflussreich&#8230;<\/p>\n","protected":false},"author":1,"featured_media":0,"parent":0,"menu_order":0,"comment_status":"closed","ping_status":"closed","template":"","meta":{"footnotes":""},"class_list":["post-109","page","type-page","status-publish","hentry"],"_links":{"self":[{"href":"https:\/\/welt-verein.ch\/index.php?rest_route=\/wp\/v2\/pages\/109","targetHints":{"allow":["GET"]}}],"collection":[{"href":"https:\/\/welt-verein.ch\/index.php?rest_route=\/wp\/v2\/pages"}],"about":[{"href":"https:\/\/welt-verein.ch\/index.php?rest_route=\/wp\/v2\/types\/page"}],"author":[{"embeddable":true,"href":"https:\/\/welt-verein.ch\/index.php?rest_route=\/wp\/v2\/users\/1"}],"replies":[{"embeddable":true,"href":"https:\/\/welt-verein.ch\/index.php?rest_route=%2Fwp%2Fv2%2Fcomments&post=109"}],"version-history":[{"count":3,"href":"https:\/\/welt-verein.ch\/index.php?rest_route=\/wp\/v2\/pages\/109\/revisions"}],"predecessor-version":[{"id":112,"href":"https:\/\/welt-verein.ch\/index.php?rest_route=\/wp\/v2\/pages\/109\/revisions\/112"}],"wp:attachment":[{"href":"https:\/\/welt-verein.ch\/index.php?rest_route=%2Fwp%2Fv2%2Fmedia&parent=109"}],"curies":[{"name":"wp","href":"https:\/\/api.w.org\/{rel}","templated":true}]}}