{"id":103,"date":"2019-12-01T16:09:25","date_gmt":"2019-12-01T16:09:25","guid":{"rendered":"https:\/\/welt-verein.ch\/?page_id=103"},"modified":"2022-01-21T14:33:37","modified_gmt":"2022-01-21T14:33:37","slug":"mitmachen","status":"publish","type":"page","link":"https:\/\/welt-verein.ch\/?page_id=103","title":{"rendered":"Mitmachen?"},"content":{"rendered":"<p>Bist du neugierig geworden?<br \/>\nWillst du mehr wissen?<br \/>\nM\u00f6chtest du dich auch f\u00fcr eine bessere Welt einsetzen?<br \/>\nDann melde dich und werde aktiv. Wir freuen uns \u00fcber jegliches Interesse.<\/p>\n<p>Kontakt:<\/p>\n<p>erica.franz@welt-verein.ch<br \/>\nTel. +41 79 637 05 73<\/p>\n<p>Bei Fragen oder Anmerkungen zur Internetseite bitte wende dich an:<\/p>\n<p>barbara.franz@welt-verein.ch<br \/>\n+41 77 520 90 98<\/p>\n<p>&nbsp;<\/p>\n<p>Wir freuen uns auch \u00fcber eine einmalige Spende:<br \/>\nWelt-Verein Deitingen und Umgebung<br \/>\nCH54 8080 8007 0643 6790 0<\/p>\n","protected":false},"excerpt":{"rendered":"<p>Bist du neugierig geworden? Willst du mehr wissen? M\u00f6chtest du dich auch f\u00fcr eine bessere Welt einsetzen? Dann melde dich und werde aktiv. Wir freuen uns \u00fcber jegliches Interesse. Kontakt: erica.franz@welt-verein.ch Tel. +41 79 637 05 73 Bei Fragen oder Anmerkungen zur Internetseite bitte wende dich an: barbara.franz@welt-verein.ch +41 77&#8230;<\/p>\n","protected":false},"author":1,"featured_media":0,"parent":0,"menu_order":0,"comment_status":"closed","ping_status":"closed","template":"","meta":{"footnotes":""},"class_list":["post-103","page","type-page","status-publish","hentry"],"_links":{"self":[{"href":"https:\/\/welt-verein.ch\/index.php?rest_route=\/wp\/v2\/pages\/103","targetHints":{"allow":["GET"]}}],"collection":[{"href":"https:\/\/welt-verein.ch\/index.php?rest_route=\/wp\/v2\/pages"}],"about":[{"href":"https:\/\/welt-verein.ch\/index.php?rest_route=\/wp\/v2\/types\/page"}],"author":[{"embeddable":true,"href":"https:\/\/welt-verein.ch\/index.php?rest_route=\/wp\/v2\/users\/1"}],"replies":[{"embeddable":true,"href":"https:\/\/welt-verein.ch\/index.php?rest_route=%2Fwp%2Fv2%2Fcomments&post=103"}],"version-history":[{"count":3,"href":"https:\/\/welt-verein.ch\/index.php?rest_route=\/wp\/v2\/pages\/103\/revisions"}],"predecessor-version":[{"id":189,"href":"https:\/\/welt-verein.ch\/index.php?rest_route=\/wp\/v2\/pages\/103\/revisions\/189"}],"wp:attachment":[{"href":"https:\/\/welt-verein.ch\/index.php?rest_route=%2Fwp%2Fv2%2Fmedia&parent=103"}],"curies":[{"name":"wp","href":"https:\/\/api.w.org\/{rel}","templated":true}]}}